{"id":1031,"date":"2024-05-08T09:18:13","date_gmt":"2024-05-08T07:18:13","guid":{"rendered":"https:\/\/medicuskrosno.pl\/?page_id=1031"},"modified":"2024-05-08T09:20:15","modified_gmt":"2024-05-08T07:20:15","slug":"cennik-swiadczen-odplatnych","status":"publish","type":"page","link":"https:\/\/medicuskrosno.pl\/index.php\/cennik-swiadczen-odplatnych\/","title":{"rendered":"Cennik \u015awiadcze\u0144 Odp\u0142atnych"},"content":{"rendered":"\t\t<div data-elementor-type=\"wp-page\" data-elementor-id=\"1031\" class=\"elementor elementor-1031\" data-elementor-settings=\"[]\">\n\t\t\t\t\t\t\t<div class=\"elementor-section-wrap\">\n\t\t\t\t\t\t\t<section class=\"elementor-section elementor-top-section elementor-element elementor-element-c74c8d4 elementor-section-boxed elementor-section-height-default elementor-section-height-default\" data-id=\"c74c8d4\" data-element_type=\"section\" data-settings=\"{&quot;background_background&quot;:&quot;classic&quot;}\">\n\t\t\t\t\t\t<div class=\"elementor-container elementor-column-gap-no\">\n\t\t\t\t\t<div class=\"elementor-column elementor-col-100 elementor-top-column elementor-element elementor-element-703686c\" data-id=\"703686c\" data-element_type=\"column\">\n\t\t\t<div class=\"elementor-widget-wrap elementor-element-populated\">\n\t\t\t\t\t\t\t\t<div class=\"elementor-element elementor-element-eaad568 elementor-widget elementor-widget-heading\" data-id=\"eaad568\" data-element_type=\"widget\" data-widget_type=\"heading.default\">\n\t\t\t\t<div class=\"elementor-widget-container\">\n\t\t\t<h2 class=\"elementor-heading-title elementor-size-default\">Cennik \u015awiadcze\u0144 odp\u0142atnych<\/h2>\t\t<\/div>\n\t\t\t\t<\/div>\n\t\t\t\t\t<\/div>\n\t\t<\/div>\n\t\t\t\t\t\t\t<\/div>\n\t\t<\/section>\n\t\t\t\t<section class=\"elementor-section elementor-top-section elementor-element elementor-element-a8ad1fa elementor-section-boxed elementor-section-height-default elementor-section-height-default\" data-id=\"a8ad1fa\" data-element_type=\"section\">\n\t\t\t\t\t\t<div class=\"elementor-container elementor-column-gap-default\">\n\t\t\t\t\t<div class=\"elementor-column elementor-col-100 elementor-top-column elementor-element elementor-element-335756c\" data-id=\"335756c\" data-element_type=\"column\">\n\t\t\t<div class=\"elementor-widget-wrap elementor-element-populated\">\n\t\t\t\t\t\t\t\t<div class=\"elementor-element elementor-element-5c1d9dd elementor-widget elementor-widget-text-editor\" data-id=\"5c1d9dd\" data-element_type=\"widget\" data-widget_type=\"text-editor.default\">\n\t\t\t\t<div class=\"elementor-widget-container\">\n\t\t\t\t\t\t\t\t<p><strong>Za\u0142\u0105cznik nr 1<\/strong><\/p><p><strong>do Regulaminu organizacyjnego <\/strong><strong>Przychodni Lekarskiej \u201eMEDICUS \u201d &#8211; Lekarze &#8211; Czeszyk, Jakubowska, So\u015bnicka-M\u0171nzberger, \u015amia\u0142ek, \u015amia\u0142ek, Tla\u0142ka &#8211;\u00a0 Sp\u00f3\u0142ka partnerska\u00a0 \u00a0w Kro\u015bnie<\/strong><\/p><p><strong>\u00a0<\/strong><\/p><p>\u00a0<\/p><p>Op\u0142aty za wydanie dokumentacji medycznej01.03.2024 \u2013 31.05.2024<\/p><table width=\"980\"><tbody><tr><td colspan=\"2\" width=\"490\"><p><strong>PO RAZ PIERWSZY W \u017b\u0104DANYM ZAKRESIE <\/strong><\/p><\/td><td colspan=\"2\" width=\"490\"><p><strong>PO RAZ KOLEJNY W \u017b\u0104DANYM ZAKRESIE <\/strong><\/p><\/td><\/tr><tr><td width=\"327\"><p><strong>Kserokopia lub wydruk (1 strona) <\/strong><\/p><\/td><td colspan=\"2\" width=\"327\"><p><strong>0,00 z\u0142 <\/strong><\/p><\/td><td width=\"327\"><p><strong>0,53 z\u0142 <\/strong><\/p><\/td><\/tr><tr><td width=\"327\"><p><strong>Wyci\u0105g lub odpis (1 strona) <\/strong><\/p><\/td><td colspan=\"2\" width=\"327\"><p><strong>0,00 z\u0142 <\/strong><\/p><\/td><td width=\"327\"><p><strong>15,08 z\u0142 <\/strong><\/p><\/td><\/tr><tr><td width=\"327\"><p><strong>\u015arodki komunikacji elektronicznej <\/strong><\/p><\/td><td colspan=\"2\" width=\"327\"><p><strong>0,00 z\u0142 <\/strong><\/p><\/td><td width=\"327\"><p><strong>0,00 z\u0142 <\/strong><\/p><\/td><\/tr><tr><td width=\"327\"><p><strong>Informatyczny no\u015bnik danych <\/strong><\/p><\/td><td colspan=\"2\" width=\"327\"><p><strong>0,00 z\u0142 <\/strong><\/p><\/td><td width=\"327\"><p><strong>3,02 z\u0142 <\/strong><\/p><\/td><\/tr><tr><td width=\"327\">\u00a0<\/td><td width=\"163\">\u00a0<\/td><td width=\"163\">\u00a0<\/td><td width=\"327\">\u00a0<\/td><\/tr><\/tbody><\/table><p>\u00a0<\/p><p><em>Maksymalna wysoko\u015b\u0107 op\u0142aty za: jedn\u0105 stron\u0119 wyci\u0105gu albo odpisu dokumentacji medycznej &#8211; nie mo\u017ce przekracza\u0107 0,002, jedn\u0105 stron\u0119 kopii albo wydruku dokumentacji medycznej &#8211; nie mo\u017ce przekracza\u0107 0,00007, udost\u0119pnienie dokumentacji medycznej na informatycznym no\u015bniku danych &#8211; nie mo\u017ce przekracza\u0107 0,0004 przeci\u0119tnego wynagrodzenia w poprzednim kwartale, og\u0142aszanego przez Prezesa G\u0142\u00f3wnego Urz\u0119du Statystycznego w Dzienniku Urz\u0119dowym Rzeczypospolitej Polskiej &#8222;Monitor Polski&#8221; na podstawie art. 20 pkt 2 ustawy z dnia 17 grudnia 1998 r. o emeryturach i rentach z Funduszu Ubezpiecze\u0144 Spo\u0142ecznych, pocz\u0105wszy od pierwszego dnia miesi\u0105ca nast\u0119puj\u0105cego po miesi\u0105cu, w kt\u00f3rym nast\u0105pi\u0142o og\u0142oszenie. <\/em>(art. 28 ust. 4 ustawy z dnia 6 listopada 2008 r. o prawach pacjenta i Rzeczniku Praw Pacjenta)<\/p>\t\t\t\t\t\t<\/div>\n\t\t\t\t<\/div>\n\t\t\t\t\t<\/div>\n\t\t<\/div>\n\t\t\t\t\t\t\t<\/div>\n\t\t<\/section>\n\t\t\t\t<section class=\"elementor-section elementor-top-section elementor-element elementor-element-1520076 elementor-section-boxed elementor-section-height-default elementor-section-height-default\" data-id=\"1520076\" data-element_type=\"section\">\n\t\t\t\t\t\t<div class=\"elementor-container elementor-column-gap-default\">\n\t\t\t\t\t<div class=\"elementor-column elementor-col-100 elementor-top-column elementor-element elementor-element-636fdfa\" data-id=\"636fdfa\" data-element_type=\"column\">\n\t\t\t<div class=\"elementor-widget-wrap elementor-element-populated\">\n\t\t\t\t\t\t\t\t<div class=\"elementor-element elementor-element-1820b95 elementor-widget elementor-widget-text-editor\" data-id=\"1820b95\" data-element_type=\"widget\" data-widget_type=\"text-editor.default\">\n\t\t\t\t<div class=\"elementor-widget-container\">\n\t\t\t\t\t\t\t\t<p>\u00a0<\/p><p><strong>Z<\/strong><strong>a\u0142\u0105cznik\u00a0 nr\u00a0\u00a0 2<\/strong><\/p><p><strong>do Regulaminu organizacyjnego Przychodni Lekarskiej \u201eMEDICUS \u201d &#8211; Lekarze &#8211; Czeszyk, Jakubowska, So\u015bnicka-M\u0171nzberger, \u015amia\u0142ek, \u015amia\u0142ek, Tla\u0142ka\u00a0\u00a0 &#8211;\u00a0 Sp\u00f3\u0142ka partnerska w Kro\u015bnie<\/strong><\/p><p><strong>\u00a0<\/strong><\/p><p><strong>WYSOKO\u015aC OP\u0141AT ZA UDZIELANIE \u015aWIADCZE\u0143 ZDROWOTNYCH<\/strong><\/p><p><strong>INNYCH NI\u017b FINANSOWANE ZE \u015aRODK\u00d3W PUBLICZNYCH<\/strong><\/p><p><strong>\u00a0<\/strong><\/p><p><strong>\u00a0<\/strong><\/p><table><tbody><tr><td width=\"66\"><p><strong>1.\u00a0\u00a0\u00a0\u00a0\u00a0 <\/strong><strong>\u00a0<\/strong><\/p><\/td><td width=\"491\"><p><strong>Porada lekarska udzielona pacjentowi nie zapisanemu do lekarza podmiotu leczniczego, u kt\u00f3rego nie wyst\u0119puje zagro\u017cenie zdrowia lub \u017cycia<\/strong><\/p><\/td><td width=\"143\"><p><strong>150 z\u0142<\/strong><\/p><\/td><\/tr><tr><td width=\"66\"><p><strong>2.\u00a0\u00a0\u00a0\u00a0\u00a0 <\/strong><strong>\u00a0<\/strong><\/p><\/td><td width=\"491\"><p><strong>Orzeczenie dla cel\u00f3w sanitarno-epidemiologicznych z wpisem do ksi\u0105\u017ceczki<\/strong><\/p><\/td><td width=\"143\"><p><strong>40 z\u0142 + koszty bada\u0144<\/strong><\/p><\/td><\/tr><tr><td width=\"66\"><p><strong>3.\u00a0\u00a0\u00a0\u00a0\u00a0 <\/strong><strong>\u00a0<\/strong><\/p><\/td><td width=\"491\"><p><strong>Wype\u0142nienie wniosku (za\u015bwiadczenia) rentowego ZUS,\u00a0 KRUS\u00a0 lub wniosku na zasi\u0142ek opieku\u0144czy ZUS, KRUS \u2013 na wniosek zainteresowanego<\/strong><\/p><\/td><td width=\"143\"><p><strong>50 z\u0142 &#8211; 100 z\u0142<\/strong><\/p><\/td><\/tr><tr><td width=\"66\"><p><strong>4.\u00a0\u00a0\u00a0\u00a0\u00a0 <\/strong><strong>\u00a0<\/strong><\/p><\/td><td width=\"491\"><p><strong>Orzeczenie lekarskie dla kandydat\u00f3w na kierowc\u00f3w <\/strong><\/p><\/td><td width=\"143\"><p><strong>200 z\u0142 + koszty bada\u0144 i konsultacji<\/strong><\/p><\/td><\/tr><tr><td width=\"66\"><p><strong>5.\u00a0\u00a0\u00a0\u00a0\u00a0 <\/strong><strong>\u00a0<\/strong><\/p><\/td><td width=\"491\"><p><strong>Za\u015bwiadczenie dla prywatnych firm ubezpieczeniowych<\/strong><\/p><p><strong>(uzgodnione z firm\u0105 ubezpieczeniow\u0105)<\/strong><\/p><\/td><td width=\"143\"><p><strong>80 z\u0142 \u2013 150 z\u0142<\/strong><\/p><\/td><\/tr><tr><td width=\"66\"><p><strong>6.\u00a0\u00a0\u00a0\u00a0\u00a0 <\/strong><strong>\u00a0<\/strong><\/p><\/td><td width=\"491\"><p><strong>Za\u015bwiadczenie lekarskie o stanie zdrowia dla zak\u0142ad\u00f3w pracy lub innych instytucji ( za wyj\u0105tkiem Opieki Spo\u0142ecznej) wydawane na wniosek pacjenta celem uzyskania \u015bwiadcze\u0144 rzeczowych lub pieni\u0119\u017cnych (PZU, firmy ubezpieczeniowe, s\u0105dy, organy \u015bcigania, przedszkola, \u017c\u0142obki)<\/strong><\/p><\/td><td width=\"143\"><p><strong>50 z\u0142<\/strong><\/p><\/td><\/tr><tr><td width=\"66\"><p><strong>7.\u00a0\u00a0\u00a0\u00a0\u00a0 <\/strong><strong>\u00a0<\/strong><\/p><\/td><td width=\"491\"><p><strong>Za\u015bwiadczenie lub orzeczenie lekarskie wydane osobom wyje\u017cd\u017caj\u0105cym za granic\u0119 celem podj\u0119cia pracy lub nauki, szkolenia ( orzeczenie wydajemy w j\u0119zyku polskim, w razie istnienia takiego wymogu dokumenty powinny by\u0107 przet\u0142umaczone przez t\u0142umacza przysi\u0119g\u0142ego)<\/strong><\/p><\/td><td width=\"143\"><p><strong>50 z\u0142<\/strong><\/p><\/td><\/tr><tr><td width=\"66\"><p><strong>8.\u00a0\u00a0\u00a0\u00a0\u00a0 <\/strong><strong>\u00a0<\/strong><\/p><\/td><td width=\"491\"><p><strong>Wykonanie zastrzyku domi\u0119\u015bniowego \/ podsk\u00f3rnego (obejmuje koszt iniekcji bez leku)<\/strong><\/p><\/td><td width=\"143\"><p><strong>\u00a0<\/strong><\/p><p><strong>20,00<\/strong><\/p><\/td><\/tr><tr><td width=\"66\"><p><strong>9.\u00a0\u00a0\u00a0\u00a0\u00a0 <\/strong><strong>\u00a0<\/strong><\/p><\/td><td width=\"491\"><p><strong>Wykonanie zastrzyku do\u017cylnego (obejmuje koszt iniekcji bez leku)<\/strong><\/p><p><strong>\u00a0<\/strong><\/p><\/td><td width=\"143\"><p><strong>\u00a0<\/strong><\/p><p><strong>20,00<\/strong><\/p><\/td><\/tr><tr><td width=\"66\"><p><strong>10.\u00a0 <\/strong><strong>\u00a0<\/strong><\/p><\/td><td width=\"491\"><p><strong>\u00a0<\/strong><\/p><p><strong>Za\u0142o\u017cenie lub zmiana wenflonu<\/strong><\/p><p><strong>\u00a0<\/strong><\/p><\/td><td width=\"143\"><p><strong>\u00a0<\/strong><\/p><p><strong>15,00<\/strong><\/p><\/td><\/tr><tr><td width=\"66\"><p><strong>11.\u00a0 <\/strong><strong>\u00a0<\/strong><\/p><\/td><td width=\"491\"><p><strong>Zmiana opatrunku (obejmuje koszt opatrunku bez leku)<\/strong><\/p><\/td><td width=\"143\"><p><strong>\u00a0<\/strong><\/p><p><strong>10,00<\/strong><\/p><\/td><\/tr><tr><td width=\"66\"><p><strong>12.\u00a0 <\/strong><strong>\u00a0<\/strong><\/p><\/td><td width=\"491\"><p><strong>\u00a0<\/strong><\/p><p><strong>Pomiar ci\u015bnienia t\u0119tniczego<\/strong><\/p><p><strong>\u00a0<\/strong><\/p><\/td><td width=\"143\"><p><strong>\u00a0<\/strong><\/p><p><strong>10,00<\/strong><\/p><\/td><\/tr><tr><td width=\"66\"><p><strong>13.\u00a0 <\/strong><strong>\u00a0<\/strong><\/p><\/td><td width=\"491\"><p><strong>\u00a0<\/strong><\/p><p><strong>Badanie EKG ( bez opisu)<\/strong><\/p><p><strong>\u00a0<\/strong><\/p><\/td><td width=\"143\"><p><strong>\u00a0<\/strong><\/p><p><strong>50,00<\/strong><\/p><\/td><\/tr><\/tbody><\/table><p>\u00a0<\/p>\t\t\t\t\t\t<\/div>\n\t\t\t\t<\/div>\n\t\t\t\t\t<\/div>\n\t\t<\/div>\n\t\t\t\t\t\t\t<\/div>\n\t\t<\/section>\n\t\t\t\t<section class=\"elementor-section elementor-top-section elementor-element elementor-element-bba4fa8 elementor-section-boxed elementor-section-height-default elementor-section-height-default\" data-id=\"bba4fa8\" data-element_type=\"section\" data-settings=\"{&quot;background_background&quot;:&quot;classic&quot;}\">\n\t\t\t\t\t\t<div class=\"elementor-container elementor-column-gap-no\">\n\t\t\t\t\t<div class=\"elementor-column elementor-col-33 elementor-top-column elementor-element elementor-element-1540cc4\" data-id=\"1540cc4\" data-element_type=\"column\">\n\t\t\t<div class=\"elementor-widget-wrap elementor-element-populated\">\n\t\t\t\t\t\t\t\t<div class=\"elementor-element elementor-element-e2510c9 elementor-position-left elementor-widget__width-auto elementor-widget-mobile__width-inherit elementor-view-default elementor-vertical-align-top elementor-widget elementor-widget-icon-box\" data-id=\"e2510c9\" data-element_type=\"widget\" data-widget_type=\"icon-box.default\">\n\t\t\t\t<div class=\"elementor-widget-container\">\n\t\t\t\t\t<div class=\"elementor-icon-box-wrapper\">\n\t\t\t\t\t\t<div class=\"elementor-icon-box-icon\">\n\t\t\t\t<span class=\"elementor-icon elementor-animation-\" >\n\t\t\t\t<i aria-hidden=\"true\" class=\"fas fa-map-marker-alt\"><\/i>\t\t\t\t<\/span>\n\t\t\t<\/div>\n\t\t\t\t\t\t<div class=\"elementor-icon-box-content\">\n\t\t\t\t<h4 class=\"elementor-icon-box-title\">\n\t\t\t\t\t<span >Adres<\/span>\n\t\t\t\t<\/h4>\n\t\t\t\t\t\t\t\t<p class=\"elementor-icon-box-description\">ul. Wojska Polskiego 43,\n38-400 Krosno\n  <\/p>\n\t\t\t\t\t\t\t<\/div>\n\t\t<\/div>\n\t\t\t\t<\/div>\n\t\t\t\t<\/div>\n\t\t\t\t\t<\/div>\n\t\t<\/div>\n\t\t\t\t<div class=\"elementor-column elementor-col-33 elementor-top-column elementor-element elementor-element-7093530\" data-id=\"7093530\" data-element_type=\"column\">\n\t\t\t<div class=\"elementor-widget-wrap elementor-element-populated\">\n\t\t\t\t\t\t\t\t<div class=\"elementor-element elementor-element-1e0c831 elementor-position-left elementor-widget__width-auto elementor-widget-mobile__width-inherit elementor-view-default elementor-vertical-align-top elementor-widget elementor-widget-icon-box\" data-id=\"1e0c831\" data-element_type=\"widget\" data-widget_type=\"icon-box.default\">\n\t\t\t\t<div class=\"elementor-widget-container\">\n\t\t\t\t\t<div class=\"elementor-icon-box-wrapper\">\n\t\t\t\t\t\t<div class=\"elementor-icon-box-icon\">\n\t\t\t\t<span class=\"elementor-icon elementor-animation-\" >\n\t\t\t\t<i aria-hidden=\"true\" class=\"fas fa-phone\"><\/i>\t\t\t\t<\/span>\n\t\t\t<\/div>\n\t\t\t\t\t\t<div class=\"elementor-icon-box-content\">\n\t\t\t\t<h4 class=\"elementor-icon-box-title\">\n\t\t\t\t\t<span >Telefon<\/span>\n\t\t\t\t<\/h4>\n\t\t\t\t\t\t\t\t<p class=\"elementor-icon-box-description\">+48 13 432 15 23<\/p>\n\t\t\t\t\t\t\t<\/div>\n\t\t<\/div>\n\t\t\t\t<\/div>\n\t\t\t\t<\/div>\n\t\t\t\t\t<\/div>\n\t\t<\/div>\n\t\t\t\t<div class=\"elementor-column elementor-col-33 elementor-top-column elementor-element elementor-element-e6679d1\" data-id=\"e6679d1\" data-element_type=\"column\">\n\t\t\t<div class=\"elementor-widget-wrap elementor-element-populated\">\n\t\t\t\t\t\t\t\t<div class=\"elementor-element elementor-element-7d133f0 elementor-position-left elementor-widget__width-auto elementor-widget-mobile__width-inherit elementor-view-default elementor-vertical-align-top elementor-widget elementor-widget-icon-box\" data-id=\"7d133f0\" data-element_type=\"widget\" data-widget_type=\"icon-box.default\">\n\t\t\t\t<div class=\"elementor-widget-container\">\n\t\t\t\t\t<div class=\"elementor-icon-box-wrapper\">\n\t\t\t\t\t\t<div class=\"elementor-icon-box-icon\">\n\t\t\t\t<span class=\"elementor-icon elementor-animation-\" >\n\t\t\t\t<i aria-hidden=\"true\" class=\"fas fa-envelope\"><\/i>\t\t\t\t<\/span>\n\t\t\t<\/div>\n\t\t\t\t\t\t<div class=\"elementor-icon-box-content\">\n\t\t\t\t<h4 class=\"elementor-icon-box-title\">\n\t\t\t\t\t<span >Email<\/span>\n\t\t\t\t<\/h4>\n\t\t\t\t\t\t\t\t<p class=\"elementor-icon-box-description\">kontakt@medicuskrosno.pl<\/p>\n\t\t\t\t\t\t\t<\/div>\n\t\t<\/div>\n\t\t\t\t<\/div>\n\t\t\t\t<\/div>\n\t\t\t\t\t<\/div>\n\t\t<\/div>\n\t\t\t\t\t\t\t<\/div>\n\t\t<\/section>\n\t\t\t\t\t\t<\/div>\n\t\t\t\t\t<\/div>\n\t\t","protected":false},"excerpt":{"rendered":"<p>Cennik \u015awiadcze\u0144 odp\u0142atnych Za\u0142\u0105cznik nr 1 do Regulaminu organizacyjnego Przychodni Lekarskiej \u201eMEDICUS \u201d &#8211; Lekarze &#8211; Czeszyk, Jakubowska, So\u015bnicka-M\u0171nzberger, \u015amia\u0142ek, \u015amia\u0142ek, Tla\u0142ka &#8211;\u00a0 Sp\u00f3\u0142ka partnerska\u00a0 \u00a0w Kro\u015bnie \u00a0 \u00a0 Op\u0142aty za wydanie dokumentacji medycznej01.03.2024 \u2013 31.05.2024 PO RAZ PIERWSZY W \u017b\u0104DANYM ZAKRESIE PO RAZ KOLEJNY W \u017b\u0104DANYM ZAKRESIE Kserokopia lub wydruk (1 strona) 0,00 z\u0142 &hellip;<\/p>\n<p class=\"read-more\"> <a class=\"\" href=\"https:\/\/medicuskrosno.pl\/index.php\/cennik-swiadczen-odplatnych\/\"> <span class=\"screen-reader-text\">Cennik \u015awiadcze\u0144 Odp\u0142atnych<\/span> Read More &raquo;<\/a><\/p>\n","protected":false},"author":1,"featured_media":0,"parent":0,"menu_order":0,"comment_status":"closed","ping_status":"closed","template":"","meta":{"footnotes":""},"class_list":["post-1031","page","type-page","status-publish","hentry"],"_links":{"self":[{"href":"https:\/\/medicuskrosno.pl\/index.php\/wp-json\/wp\/v2\/pages\/1031","targetHints":{"allow":["GET"]}}],"collection":[{"href":"https:\/\/medicuskrosno.pl\/index.php\/wp-json\/wp\/v2\/pages"}],"about":[{"href":"https:\/\/medicuskrosno.pl\/index.php\/wp-json\/wp\/v2\/types\/page"}],"author":[{"embeddable":true,"href":"https:\/\/medicuskrosno.pl\/index.php\/wp-json\/wp\/v2\/users\/1"}],"replies":[{"embeddable":true,"href":"https:\/\/medicuskrosno.pl\/index.php\/wp-json\/wp\/v2\/comments?post=1031"}],"version-history":[{"count":7,"href":"https:\/\/medicuskrosno.pl\/index.php\/wp-json\/wp\/v2\/pages\/1031\/revisions"}],"predecessor-version":[{"id":1038,"href":"https:\/\/medicuskrosno.pl\/index.php\/wp-json\/wp\/v2\/pages\/1031\/revisions\/1038"}],"wp:attachment":[{"href":"https:\/\/medicuskrosno.pl\/index.php\/wp-json\/wp\/v2\/media?parent=1031"}],"curies":[{"name":"wp","href":"https:\/\/api.w.org\/{rel}","templated":true}]}}